{"id":22,"date":"2016-07-04T21:33:31","date_gmt":"2016-07-04T18:33:31","guid":{"rendered":"http:\/\/vestex.ee\/?page_id=22"},"modified":"2021-01-23T22:42:31","modified_gmt":"2021-01-23T20:42:31","slug":"raamatupidamine","status":"publish","type":"page","link":"http:\/\/vestex.ee\/index.php\/raamatupidamine\/","title":{"rendered":"Raamatupidamine"},"content":{"rendered":"<p>Teenust osutame erinevatele ettev\u00f5tlusvormidele \u2013 aktsiaseltsidele, osa\u00fchingutele, mittetulundus\u00fchingutele.<\/p>\n<p>Meie raamatupidamisteenus h\u00f5lmab algdokumentide sisestamisest kuni bilansi, kasumiaruande ja aastaaruande koostamiseni (raamatupidamise sisseseadmine, algdokumentide kontroll ja t\u00f6\u00f6tlemine, pea-ja p\u00e4evaraamatu pidamine, ostu- ja m\u00fc\u00fcgireskonto pidamine, arveldused aruandvate isikutega, suhtlemine Maksuameti, Haigekassa, Statistikaameti, Pensioniameti, Sotsiaalametiga, \u00c4riregistriga).<\/p>\n<p>Raamatupidamisteenuse alla kuulub ka varasema raamatupidamise korrastamine ja taastamine. Pakume oma\u00a0klientidele ka personaliteenust, mis h\u00f5lmab:<\/p>\n<ul>\n<li>t\u00f6\u00f6v\u00f5tulepingu\/k\u00e4sunduslepingu koostamist,<\/li>\n<li>t\u00f6\u00f6lepingu s\u00f5lmimist, muutmist ja l\u00f5petamist,<\/li>\n<li>t\u00f6\u00f6lepingu lisade koostamist,<\/li>\n<li>isikukaartide t\u00e4itmist,<\/li>\n<li>k\u00e4skkirjade, korralduste, l\u00e4hetuste vormistamist,<\/li>\n<li>t\u00f6\u00f6ajaarvestust, puhkusearvestust ja puhkuseajakavade koostamist,<\/li>\n<li>t\u00f6\u00f6v\u00f5imetuslehtede t\u00e4itmist ja esitamist.<\/li>\n<\/ul>\n","protected":false},"excerpt":{"rendered":"<p>Teenust osutame erinevatele ettev\u00f5tlusvormidele \u2013 aktsiaseltsidele, osa\u00fchingutele, mittetulundus\u00fchingutele. Meie raamatupidamisteenus h\u00f5lmab algdokumentide sisestamisest kuni bilansi, kasumiaruande ja aastaaruande koostamiseni (raamatupidamise sisseseadmine, algdokumentide kontroll ja t\u00f6\u00f6tlemine, pea-ja p\u00e4evaraamatu pidamine, ostu- ja m\u00fc\u00fcgireskonto pidamine, arveldused aruandvate isikutega, suhtlemine Maksuameti, Haigekassa, Statistikaameti, Pensioniameti, Sotsiaalametiga, \u00c4riregistriga). Raamatupidamisteenuse alla kuulub ka varasema raamatupidamise korrastamine ja taastamine. Pakume oma\u00a0klientidele ka personaliteenust,<a href=\"http:\/\/vestex.ee\/index.php\/raamatupidamine\/\">[&#8230;]<\/a><\/p>\n","protected":false},"author":1,"featured_media":11,"parent":0,"menu_order":0,"comment_status":"closed","ping_status":"closed","template":"","meta":[],"_links":{"self":[{"href":"http:\/\/vestex.ee\/index.php\/wp-json\/wp\/v2\/pages\/22"}],"collection":[{"href":"http:\/\/vestex.ee\/index.php\/wp-json\/wp\/v2\/pages"}],"about":[{"href":"http:\/\/vestex.ee\/index.php\/wp-json\/wp\/v2\/types\/page"}],"author":[{"embeddable":true,"href":"http:\/\/vestex.ee\/index.php\/wp-json\/wp\/v2\/users\/1"}],"replies":[{"embeddable":true,"href":"http:\/\/vestex.ee\/index.php\/wp-json\/wp\/v2\/comments?post=22"}],"version-history":[{"count":5,"href":"http:\/\/vestex.ee\/index.php\/wp-json\/wp\/v2\/pages\/22\/revisions"}],"predecessor-version":[{"id":122,"href":"http:\/\/vestex.ee\/index.php\/wp-json\/wp\/v2\/pages\/22\/revisions\/122"}],"wp:featuredmedia":[{"embeddable":true,"href":"http:\/\/vestex.ee\/index.php\/wp-json\/wp\/v2\/media\/11"}],"wp:attachment":[{"href":"http:\/\/vestex.ee\/index.php\/wp-json\/wp\/v2\/media?parent=22"}],"curies":[{"name":"wp","href":"https:\/\/api.w.org\/{rel}","templated":true}]}}