{"id":18,"date":"2016-07-04T21:33:12","date_gmt":"2016-07-04T18:33:12","guid":{"rendered":"http:\/\/vestex.ee\/?page_id=18"},"modified":"2019-08-29T11:06:51","modified_gmt":"2019-08-29T08:06:51","slug":"meist","status":"publish","type":"page","link":"https:\/\/vestex.ee\/index.php\/meist\/","title":{"rendered":"Meist"},"content":{"rendered":"<p>Vestex Group O\u00dc 2013 aastal asutatud ettev\u00f5te, mille p\u00f5hitegevusalaks raamatupidamisteenust ja maanteetransporti pakkuv ettev\u00f5te. Oleme 100% Eesti kapitalil p\u00f5hinev firma.<\/p>\n<p>&nbsp;<\/p>\n","protected":false},"excerpt":{"rendered":"<p>Vestex Group O\u00dc 2013 aastal asutatud ettev\u00f5te, mille p\u00f5hitegevusalaks raamatupidamisteenust ja maanteetransporti pakkuv ettev\u00f5te. Oleme 100% Eesti kapitalil p\u00f5hinev firma. &nbsp;<\/p>\n","protected":false},"author":1,"featured_media":0,"parent":0,"menu_order":0,"comment_status":"closed","ping_status":"closed","template":"","meta":[],"_links":{"self":[{"href":"https:\/\/vestex.ee\/index.php\/wp-json\/wp\/v2\/pages\/18"}],"collection":[{"href":"https:\/\/vestex.ee\/index.php\/wp-json\/wp\/v2\/pages"}],"about":[{"href":"https:\/\/vestex.ee\/index.php\/wp-json\/wp\/v2\/types\/page"}],"author":[{"embeddable":true,"href":"https:\/\/vestex.ee\/index.php\/wp-json\/wp\/v2\/users\/1"}],"replies":[{"embeddable":true,"href":"https:\/\/vestex.ee\/index.php\/wp-json\/wp\/v2\/comments?post=18"}],"version-history":[{"count":5,"href":"https:\/\/vestex.ee\/index.php\/wp-json\/wp\/v2\/pages\/18\/revisions"}],"predecessor-version":[{"id":113,"href":"https:\/\/vestex.ee\/index.php\/wp-json\/wp\/v2\/pages\/18\/revisions\/113"}],"wp:attachment":[{"href":"https:\/\/vestex.ee\/index.php\/wp-json\/wp\/v2\/media?parent=18"}],"curies":[{"name":"wp","href":"https:\/\/api.w.org\/{rel}","templated":true}]}}